{"id":8324,"date":"2023-11-04T02:22:09","date_gmt":"2023-11-03T22:22:09","guid":{"rendered":"https:\/\/linkmedia.az\/?post_type=product&#038;p=8324"},"modified":"2023-11-16T02:53:54","modified_gmt":"2023-11-15T22:53:54","slug":"caska-uzerinde-cap","status":"publish","type":"product","link":"https:\/\/linkmedia.az\/index.php\/product\/caska-uzerinde-cap\/","title":{"rendered":"\u00c7a\u015fka \u00fcz\u0259rind\u0259 \u00e7ap"},"content":{"rendered":"<p>H\u00f6rm\u0259tli m\u00fc\u015ft\u0259ril\u0259r m\u0259hsullar\u0131m\u0131z\u0131m qiym\u0259ti miqdar, \u00f6l\u00e7\u00fc v\u0259 dizayna g\u00f6r\u0259 d\u0259yi\u015fiklik g\u00f6st\u0259rdiyi \u00fc\u00e7\u00fcn qiym\u0259t 0.00 azn n\u0259z\u0259rd\u0259 tutulmu\u015fdur!<\/p>\n<p>Xahi\u015f olunur sifari\u015f zaman\u0131 miqdar\u0131 qeyd ed\u0259siniz. \u018fm\u0259kda\u015flar\u0131m\u0131z sizinl\u0259 \u0259laq\u0259 yarad\u0131b \u0259trafl\u0131 m\u0259lumat t\u0259qdim ed\u0259c\u0259kl\u0259r<\/p>\n","protected":false},"excerpt":{"rendered":"<p>H\u00f6rm\u0259tli m\u00fc\u015ft\u0259ril\u0259r m\u0259hsullar\u0131m\u0131z\u0131m qiym\u0259ti miqdar, \u00f6l\u00e7\u00fc v\u0259 dizayna g\u00f6r\u0259 d\u0259yi\u015fiklik g\u00f6st\u0259rdiyi \u00fc\u00e7\u00fcn qiym\u0259t 0.00 azn n\u0259z\u0259rd\u0259 tutulmu\u015fdur! Xahi\u015f olunur sifari\u015f zaman\u0131 miqdar\u0131 qeyd ed\u0259siniz. \u018fm\u0259kda\u015flar\u0131m\u0131z sizinl\u0259 \u0259laq\u0259 yarad\u0131b \u0259trafl\u0131 m\u0259lumat t\u0259qdim ed\u0259c\u0259kl\u0259r<\/p>\n","protected":false},"featured_media":8326,"comment_status":"open","ping_status":"closed","template":"","meta":{"jetpack_post_was_ever_published":false,"jetpack_publicize_message":"","jetpack_publicize_feature_enabled":true,"jetpack_social_post_already_shared":false,"jetpack_social_options":{"image_generator_settings":{"template":"highway","enabled":false}}},"product_cat":[103],"product_tag":[137,138,108],"jetpack_publicize_connections":[],"yoast_head":"<!-- This site is optimized with the Yoast SEO Premium plugin v21.5 (Yoast SEO v22.0) - https:\/\/yoast.com\/wordpress\/plugins\/seo\/ -->\n<title>\u00c7a\u015fka \u00fcz\u0259rind\u0259 \u00e7ap - Linkmedia.az<\/title>\n<meta name=\"robots\" content=\"index, follow, max-snippet:-1, max-image-preview:large, max-video-preview:-1\" \/>\n<link rel=\"canonical\" href=\"https:\/\/linkmedia.az\/index.php\/product\/caska-uzerinde-cap\/\" \/>\n<meta property=\"og:locale\" content=\"az_AZ\" \/>\n<meta property=\"og:type\" content=\"article\" \/>\n<meta property=\"og:title\" content=\"\u00c7a\u015fka \u00fcz\u0259rind\u0259 \u00e7ap\" \/>\n<meta property=\"og:description\" content=\"H\u00f6rm\u0259tli m\u00fc\u015ft\u0259ril\u0259r m\u0259hsullar\u0131m\u0131z\u0131m qiym\u0259ti miqdar, \u00f6l\u00e7\u00fc v\u0259 dizayna g\u00f6r\u0259 d\u0259yi\u015fiklik g\u00f6st\u0259rdiyi \u00fc\u00e7\u00fcn qiym\u0259t 0.00 azn n\u0259z\u0259rd\u0259 tutulmu\u015fdur! Xahi\u015f olunur sifari\u015f zaman\u0131 miqdar\u0131 qeyd ed\u0259siniz. \u018fm\u0259kda\u015flar\u0131m\u0131z sizinl\u0259 \u0259laq\u0259 yarad\u0131b \u0259trafl\u0131 m\u0259lumat t\u0259qdim ed\u0259c\u0259kl\u0259r\" \/>\n<meta property=\"og:url\" content=\"https:\/\/linkmedia.az\/index.php\/product\/caska-uzerinde-cap\/\" \/>\n<meta property=\"og:site_name\" content=\"Linkmedia.az\" \/>\n<meta property=\"article:publisher\" content=\"https:\/\/www.facebook.com\/linkmedia.az\" \/>\n<meta property=\"article:modified_time\" content=\"2023-11-15T22:53:54+00:00\" \/>\n<meta property=\"og:image\" content=\"https:\/\/linkmedia.az\/wp-content\/uploads\/2023\/11\/caska-scaled.jpg\" \/>\n\t<meta property=\"og:image:width\" content=\"2560\" \/>\n\t<meta property=\"og:image:height\" content=\"1920\" \/>\n\t<meta property=\"og:image:type\" content=\"image\/jpeg\" \/>\n<meta name=\"twitter:card\" content=\"summary_large_image\" \/>\n<meta name=\"twitter:label1\" content=\"Est. reading time\" \/>\n\t<meta name=\"twitter:data1\" content=\"1 minute\" \/>\n<script type=\"application\/ld+json\" class=\"yoast-schema-graph\">{\"@context\":\"https:\/\/schema.org\",\"@graph\":[{\"@type\":\"WebPage\",\"@id\":\"https:\/\/linkmedia.az\/index.php\/product\/caska-uzerinde-cap\/\",\"url\":\"https:\/\/linkmedia.az\/index.php\/product\/caska-uzerinde-cap\/\",\"name\":\"\u00c7a\u015fka \u00fcz\u0259rind\u0259 \u00e7ap - Linkmedia.az\",\"isPartOf\":{\"@id\":\"https:\/\/linkmedia.az\/#website\"},\"datePublished\":\"2023-11-03T22:22:09+00:00\",\"dateModified\":\"2023-11-15T22:53:54+00:00\",\"breadcrumb\":{\"@id\":\"https:\/\/linkmedia.az\/index.php\/product\/caska-uzerinde-cap\/#breadcrumb\"},\"inLanguage\":\"az\",\"potentialAction\":[{\"@type\":\"ReadAction\",\"target\":[\"https:\/\/linkmedia.az\/index.php\/product\/caska-uzerinde-cap\/\"]}]},{\"@type\":\"BreadcrumbList\",\"@id\":\"https:\/\/linkmedia.az\/index.php\/product\/caska-uzerinde-cap\/#breadcrumb\",\"itemListElement\":[{\"@type\":\"ListItem\",\"position\":1,\"name\":\"\u018fsas s\u0259hif\u0259\",\"item\":\"https:\/\/linkmedia.az\/\"},{\"@type\":\"ListItem\",\"position\":2,\"name\":\"M\u0259tb\u0259\u0259 Xidm\u0259tl\u0259rimiz\",\"item\":\"https:\/\/linkmedia.az\/index.php\/shop\/\"},{\"@type\":\"ListItem\",\"position\":3,\"name\":\"\u00c7a\u015fka \u00fcz\u0259rind\u0259 \u00e7ap\"}]},{\"@type\":\"WebSite\",\"@id\":\"https:\/\/linkmedia.az\/#website\",\"url\":\"https:\/\/linkmedia.az\/\",\"name\":\"Linkmedia.az\",\"description\":\"Sosial d\u00fcnya il\u0259 \u0259laq\u0259niz\",\"publisher\":{\"@id\":\"https:\/\/linkmedia.az\/#organization\"},\"potentialAction\":[{\"@type\":\"SearchAction\",\"target\":{\"@type\":\"EntryPoint\",\"urlTemplate\":\"https:\/\/linkmedia.az\/?s={search_term_string}\"},\"query-input\":\"required name=search_term_string\"}],\"inLanguage\":\"az\"},{\"@type\":\"Organization\",\"@id\":\"https:\/\/linkmedia.az\/#organization\",\"name\":\"LInkmedia\",\"url\":\"https:\/\/linkmedia.az\/\",\"logo\":{\"@type\":\"ImageObject\",\"inLanguage\":\"az\",\"@id\":\"https:\/\/linkmedia.az\/#\/schema\/logo\/image\/\",\"url\":\"https:\/\/linkmedia.az\/wp-content\/uploads\/2023\/09\/Logo-mobile-01-e1694558931175.png\",\"contentUrl\":\"https:\/\/linkmedia.az\/wp-content\/uploads\/2023\/09\/Logo-mobile-01-e1694558931175.png\",\"width\":979,\"height\":313,\"caption\":\"LInkmedia\"},\"image\":{\"@id\":\"https:\/\/linkmedia.az\/#\/schema\/logo\/image\/\"},\"sameAs\":[\"https:\/\/www.facebook.com\/linkmedia.az\"],\"publishingPrinciples\":\"https:\/\/linkmedia.az\/\",\"ownershipFundingInfo\":\"https:\/\/linkmedia.az\/index.php\/haqqimizda\/\"}]}<\/script>\n<!-- \/ Yoast SEO Premium plugin. -->","yoast_head_json":{"title":"\u00c7a\u015fka \u00fcz\u0259rind\u0259 \u00e7ap - Linkmedia.az","robots":{"index":"index","follow":"follow","max-snippet":"max-snippet:-1","max-image-preview":"max-image-preview:large","max-video-preview":"max-video-preview:-1"},"canonical":"https:\/\/linkmedia.az\/index.php\/product\/caska-uzerinde-cap\/","og_locale":"az_AZ","og_type":"article","og_title":"\u00c7a\u015fka \u00fcz\u0259rind\u0259 \u00e7ap","og_description":"H\u00f6rm\u0259tli m\u00fc\u015ft\u0259ril\u0259r m\u0259hsullar\u0131m\u0131z\u0131m qiym\u0259ti miqdar, \u00f6l\u00e7\u00fc v\u0259 dizayna g\u00f6r\u0259 d\u0259yi\u015fiklik g\u00f6st\u0259rdiyi \u00fc\u00e7\u00fcn qiym\u0259t 0.00 azn n\u0259z\u0259rd\u0259 tutulmu\u015fdur! Xahi\u015f olunur sifari\u015f zaman\u0131 miqdar\u0131 qeyd ed\u0259siniz. \u018fm\u0259kda\u015flar\u0131m\u0131z sizinl\u0259 \u0259laq\u0259 yarad\u0131b \u0259trafl\u0131 m\u0259lumat t\u0259qdim ed\u0259c\u0259kl\u0259r","og_url":"https:\/\/linkmedia.az\/index.php\/product\/caska-uzerinde-cap\/","og_site_name":"Linkmedia.az","article_publisher":"https:\/\/www.facebook.com\/linkmedia.az","article_modified_time":"2023-11-15T22:53:54+00:00","og_image":[{"width":2560,"height":1920,"url":"https:\/\/linkmedia.az\/wp-content\/uploads\/2023\/11\/caska-scaled.jpg","type":"image\/jpeg"}],"twitter_card":"summary_large_image","twitter_misc":{"Est. reading time":"1 minute"},"schema":{"@context":"https:\/\/schema.org","@graph":[{"@type":"WebPage","@id":"https:\/\/linkmedia.az\/index.php\/product\/caska-uzerinde-cap\/","url":"https:\/\/linkmedia.az\/index.php\/product\/caska-uzerinde-cap\/","name":"\u00c7a\u015fka \u00fcz\u0259rind\u0259 \u00e7ap - Linkmedia.az","isPartOf":{"@id":"https:\/\/linkmedia.az\/#website"},"datePublished":"2023-11-03T22:22:09+00:00","dateModified":"2023-11-15T22:53:54+00:00","breadcrumb":{"@id":"https:\/\/linkmedia.az\/index.php\/product\/caska-uzerinde-cap\/#breadcrumb"},"inLanguage":"az","potentialAction":[{"@type":"ReadAction","target":["https:\/\/linkmedia.az\/index.php\/product\/caska-uzerinde-cap\/"]}]},{"@type":"BreadcrumbList","@id":"https:\/\/linkmedia.az\/index.php\/product\/caska-uzerinde-cap\/#breadcrumb","itemListElement":[{"@type":"ListItem","position":1,"name":"\u018fsas s\u0259hif\u0259","item":"https:\/\/linkmedia.az\/"},{"@type":"ListItem","position":2,"name":"M\u0259tb\u0259\u0259 Xidm\u0259tl\u0259rimiz","item":"https:\/\/linkmedia.az\/index.php\/shop\/"},{"@type":"ListItem","position":3,"name":"\u00c7a\u015fka \u00fcz\u0259rind\u0259 \u00e7ap"}]},{"@type":"WebSite","@id":"https:\/\/linkmedia.az\/#website","url":"https:\/\/linkmedia.az\/","name":"Linkmedia.az","description":"Sosial d\u00fcnya il\u0259 \u0259laq\u0259niz","publisher":{"@id":"https:\/\/linkmedia.az\/#organization"},"potentialAction":[{"@type":"SearchAction","target":{"@type":"EntryPoint","urlTemplate":"https:\/\/linkmedia.az\/?s={search_term_string}"},"query-input":"required name=search_term_string"}],"inLanguage":"az"},{"@type":"Organization","@id":"https:\/\/linkmedia.az\/#organization","name":"LInkmedia","url":"https:\/\/linkmedia.az\/","logo":{"@type":"ImageObject","inLanguage":"az","@id":"https:\/\/linkmedia.az\/#\/schema\/logo\/image\/","url":"https:\/\/linkmedia.az\/wp-content\/uploads\/2023\/09\/Logo-mobile-01-e1694558931175.png","contentUrl":"https:\/\/linkmedia.az\/wp-content\/uploads\/2023\/09\/Logo-mobile-01-e1694558931175.png","width":979,"height":313,"caption":"LInkmedia"},"image":{"@id":"https:\/\/linkmedia.az\/#\/schema\/logo\/image\/"},"sameAs":["https:\/\/www.facebook.com\/linkmedia.az"],"publishingPrinciples":"https:\/\/linkmedia.az\/","ownershipFundingInfo":"https:\/\/linkmedia.az\/index.php\/haqqimizda\/"}]}},"jetpack_sharing_enabled":true,"_links":{"self":[{"href":"https:\/\/linkmedia.az\/index.php\/wp-json\/wp\/v2\/product\/8324"}],"collection":[{"href":"https:\/\/linkmedia.az\/index.php\/wp-json\/wp\/v2\/product"}],"about":[{"href":"https:\/\/linkmedia.az\/index.php\/wp-json\/wp\/v2\/types\/product"}],"replies":[{"embeddable":true,"href":"https:\/\/linkmedia.az\/index.php\/wp-json\/wp\/v2\/comments?post=8324"}],"wp:featuredmedia":[{"embeddable":true,"href":"https:\/\/linkmedia.az\/index.php\/wp-json\/wp\/v2\/media\/8326"}],"wp:attachment":[{"href":"https:\/\/linkmedia.az\/index.php\/wp-json\/wp\/v2\/media?parent=8324"}],"wp:term":[{"taxonomy":"product_cat","embeddable":true,"href":"https:\/\/linkmedia.az\/index.php\/wp-json\/wp\/v2\/product_cat?post=8324"},{"taxonomy":"product_tag","embeddable":true,"href":"https:\/\/linkmedia.az\/index.php\/wp-json\/wp\/v2\/product_tag?post=8324"}],"curies":[{"name":"wp","href":"https:\/\/api.w.org\/{rel}","templated":true}]}}